{"id":27,"date":"2020-09-24T11:33:57","date_gmt":"2020-09-24T09:33:57","guid":{"rendered":"http:\/\/pierretonachella.com\/?page_id=27"},"modified":"2020-10-01T15:42:54","modified_gmt":"2020-10-01T13:42:54","slug":"27-2","status":"publish","type":"page","link":"https:\/\/pierretonachella.com\/index.php\/27-2\/","title":{"rendered":"Jusqu&#8217;\u00e0 ce que le jour se l\u00e8ve"},"content":{"rendered":"<p>[et_pb_section fb_built=&#8221;1&#8243; _builder_version=&#8221;4.6.3&#8243; _module_preset=&#8221;default&#8221; hover_enabled=&#8221;0&#8243; sticky_enabled=&#8221;0&#8243; title_text=&#8221;teuf&#8221; background_image=&#8221;http:\/\/pierretonachella.com\/wp-content\/uploads\/2020\/10\/teuf.png&#8221; min_height=&#8221;686px&#8221;][et_pb_row _builder_version=&#8221;4.6.3&#8243; _module_preset=&#8221;default&#8221;][et_pb_column _builder_version=&#8221;4.6.3&#8243; _module_preset=&#8221;default&#8221; type=&#8221;4_4&#8243;][et_pb_blurb _builder_version=&#8221;4.6.3&#8243; _module_preset=&#8221;default&#8221; title_text=&#8221;teuf&#8221; hover_enabled=&#8221;0&#8243; sticky_enabled=&#8221;0&#8243; custom_margin=&#8221;30px||||false|false&#8221; body_line_height=&#8221;1.2em&#8221; body_letter_spacing=&#8221;1px&#8221; body_font_size=&#8221;12px&#8221; content_max_width=&#8221;866px&#8221; background_enable_image=&#8221;off&#8221; width=&#8221;69%&#8221; body_text_color=&#8221;#005e48&#8243;]<\/p>\n<p>&#8220;Un film avec eux, pour aller chercher ce qui gronde dans l&#8217;oubli et marges du territoire&#8221;: c&#8217;est ainsi que Pierre Tonachella d\u00e9crit sa chronique endurante de la vie de ses camarades d&#8217;enfance, deum\u00e9r\u00e9s contrairement \u00e0 lui dans leur G\u00e2tinais natal. Il accomplit ce qui souvent \u00e9choue par volontarisme scociologique ou souci de faire \u00e9merger des &#8220;personnages&#8221; dans un documentaire: livrer la radiographie honn\u00eate, jamais moralisante, d&#8217;une jeunesse rurale prol\u00e9taire. Qu&#8217;il parlent de travail ou de l&#8217;absence de travail, d&#8217;appartement obtenu de haute lutte apr\u00e8s 25 ans chez leur parent, de villas de luxe, de foot ou de regrets (&#8220;j&#8217;aurais d\u00fb faire l&#8217;arm\u00e9e&#8221;), qu&#8217;ils dansent, conduisent, ou boivent jusqu&#8217;\u00e0 epuisement, le film, fonci\u00e8rement nocturne, receuille leur \u00e9lan vital comme leurs penchant obscurs.<\/p>\n<p><em>Charlotte Garson in Catalogue Cin\u00e9ma du R\u00e9el 2018<\/em><\/p>\n<p>[\/et_pb_blurb][\/et_pb_column][\/et_pb_row][\/et_pb_section]<\/p>\n","protected":false},"excerpt":{"rendered":"<p>[et_pb_section fb_built=&#8221;1&#8243; _builder_version=&#8221;4.6.3&#8243; _module_preset=&#8221;default&#8221; hover_enabled=&#8221;0&#8243; sticky_enabled=&#8221;0&#8243; title_text=&#8221;teuf&#8221; background_image=&#8221;http:\/\/pierretonachella.com\/wp-content\/uploads\/2020\/10\/teuf.png&#8221; min_height=&#8221;686px&#8221;][et_pb_row _builder_version=&#8221;4.6.3&#8243; _module_preset=&#8221;default&#8221;][et_pb_column _builder_version=&#8221;4.6.3&#8243; _module_preset=&#8221;default&#8221; type=&#8221;4_4&#8243;][et_pb_blurb _builder_version=&#8221;4.6.3&#8243; _module_preset=&#8221;default&#8221; title_text=&#8221;teuf&#8221; hover_enabled=&#8221;0&#8243; sticky_enabled=&#8221;0&#8243; custom_margin=&#8221;30px||||false|false&#8221; body_line_height=&#8221;1.2em&#8221; body_letter_spacing=&#8221;1px&#8221; body_font_size=&#8221;12px&#8221; content_max_width=&#8221;866px&#8221; background_enable_image=&#8221;off&#8221; width=&#8221;69%&#8221; body_text_color=&#8221;#005e48&#8243;] &#8220;Un film avec eux, pour aller chercher ce qui gronde dans l&#8217;oubli et marges du territoire&#8221;: c&#8217;est ainsi que Pierre Tonachella d\u00e9crit sa chronique endurante de la vie [&hellip;]<\/p>\n","protected":false},"author":1,"featured_media":0,"parent":0,"menu_order":0,"comment_status":"closed","ping_status":"closed","template":"","meta":{"_et_pb_use_builder":"on","_et_pb_old_content":"","_et_gb_content_width":""},"_links":{"self":[{"href":"https:\/\/pierretonachella.com\/index.php\/wp-json\/wp\/v2\/pages\/27"}],"collection":[{"href":"https:\/\/pierretonachella.com\/index.php\/wp-json\/wp\/v2\/pages"}],"about":[{"href":"https:\/\/pierretonachella.com\/index.php\/wp-json\/wp\/v2\/types\/page"}],"author":[{"embeddable":true,"href":"https:\/\/pierretonachella.com\/index.php\/wp-json\/wp\/v2\/users\/1"}],"replies":[{"embeddable":true,"href":"https:\/\/pierretonachella.com\/index.php\/wp-json\/wp\/v2\/comments?post=27"}],"version-history":[{"count":3,"href":"https:\/\/pierretonachella.com\/index.php\/wp-json\/wp\/v2\/pages\/27\/revisions"}],"predecessor-version":[{"id":102,"href":"https:\/\/pierretonachella.com\/index.php\/wp-json\/wp\/v2\/pages\/27\/revisions\/102"}],"wp:attachment":[{"href":"https:\/\/pierretonachella.com\/index.php\/wp-json\/wp\/v2\/media?parent=27"}],"curies":[{"name":"wp","href":"https:\/\/api.w.org\/{rel}","templated":true}]}}